{"id":2,"date":"2014-11-06T12:08:25","date_gmt":"2014-11-06T12:08:25","guid":{"rendered":"http:\/\/froher-kurier.de\/?page_id=2"},"modified":"2014-11-09T01:17:49","modified_gmt":"2014-11-08T23:17:49","slug":"beispiel-seite","status":"publish","type":"page","link":"https:\/\/elysischer-bote.de\/?page_id=2","title":{"rendered":"Impressum"},"content":{"rendered":"<p>Dieses Weblog ist ein publizistisches Angebot von<\/p>\n<p>Christian Wieseh\u00f6fer<br \/>\nKrusekoppel 1<br \/>\n24306 Pl\u00f6n<\/p>\n<p>Verantwortlicher im Sinne von \u00a7 5 TMG, \u00a7 55 RfStV:<\/p>\n<p>Christian Wieseh\u00f6fer<br \/>\nKrusekoppel 1<br \/>\n24306 Pl\u00f6n<\/p>\n<p>E-Mail: kontakt@elysischer-bote.de<\/p>\n<p><strong>Haftungsausschluss<\/strong><br \/>\nTrotz sorgf\u00e4ltiger Pr\u00fcfung kann keinerlei Gew\u00e4hr f\u00fcr die Korrektheit der ver\u00f6ffentlichten Nachrichten \u00fcbernommen werden. Haftungsanspr\u00fcche f\u00fcr Sch\u00e4den materieller oder immaterieller Art, die durch hier ver\u00f6ffentlichte Informationen verursacht wurden, sind ausgeschlossen, soweit nicht Vorsatz oder grobe Fahrl\u00e4ssigkeit nachgewiesen werden k\u00f6nnen. Soweit Links auf externe Seiten f\u00fchren, bedeutet dies nicht, dass ich mir den dortigen Inhalt zu eigen mache.<\/p>\n","protected":false},"excerpt":{"rendered":"<p>Dieses Weblog ist ein publizistisches Angebot von Christian Wieseh\u00f6fer Krusekoppel 1 24306 Pl\u00f6n Verantwortlicher im Sinne von \u00a7 5 TMG, \u00a7 55 RfStV: Christian Wieseh\u00f6fer Krusekoppel 1 24306 Pl\u00f6n E-Mail: kontakt@elysischer-bote.de Haftungsausschluss Trotz sorgf\u00e4ltiger Pr\u00fcfung kann keinerlei Gew\u00e4hr f\u00fcr die Korrektheit der ver\u00f6ffentlichten Nachrichten \u00fcbernommen werden. Haftungsanspr\u00fcche f\u00fcr Sch\u00e4den materieller oder immaterieller Art, die durch [&hellip;]<\/p>\n","protected":false},"author":1,"featured_media":0,"parent":0,"menu_order":0,"comment_status":"closed","ping_status":"closed","template":"","meta":{"footnotes":""},"_links":{"self":[{"href":"https:\/\/elysischer-bote.de\/index.php?rest_route=\/wp\/v2\/pages\/2"}],"collection":[{"href":"https:\/\/elysischer-bote.de\/index.php?rest_route=\/wp\/v2\/pages"}],"about":[{"href":"https:\/\/elysischer-bote.de\/index.php?rest_route=\/wp\/v2\/types\/page"}],"author":[{"embeddable":true,"href":"https:\/\/elysischer-bote.de\/index.php?rest_route=\/wp\/v2\/users\/1"}],"replies":[{"embeddable":true,"href":"https:\/\/elysischer-bote.de\/index.php?rest_route=%2Fwp%2Fv2%2Fcomments&post=2"}],"version-history":[{"count":7,"href":"https:\/\/elysischer-bote.de\/index.php?rest_route=\/wp\/v2\/pages\/2\/revisions"}],"predecessor-version":[{"id":18,"href":"https:\/\/elysischer-bote.de\/index.php?rest_route=\/wp\/v2\/pages\/2\/revisions\/18"}],"wp:attachment":[{"href":"https:\/\/elysischer-bote.de\/index.php?rest_route=%2Fwp%2Fv2%2Fmedia&parent=2"}],"curies":[{"name":"wp","href":"https:\/\/api.w.org\/{rel}","templated":true}]}}